{"id":1064,"date":"2025-11-21T11:39:51","date_gmt":"2025-11-21T10:39:51","guid":{"rendered":"https:\/\/www.synnefo-systems.com\/?page_id=1064"},"modified":"2025-11-21T11:41:52","modified_gmt":"2025-11-21T10:41:52","slug":"eu-2","status":"publish","type":"page","link":"https:\/\/www.synnefo-systems.com\/en\/eu-2\/","title":{"rendered":"EU"},"content":{"rendered":"<p><\/p>\n\n\n\n<hr class=\"wp-block-separator has-alpha-channel-opacity\"\/>\n\n\n\n<div class=\"section-wrapper\" data-id=\"JQubwr\"><section class=\"wp-block-gutenverse-section guten-element guten-section guten-JQubwr layout-boxed align-stretch\"><div class=\"guten-container guten-column-gap-default\">\n<div class=\"wp-block-gutenverse-column guten-element guten-column guten-JPQBGh\"><div class=\"guten-column-wrapper\" data-id=\"JPQBGh\">\n<figure class=\"wp-block-image size-full is-resized\"><img decoding=\"async\" width=\"508\" height=\"131\" src=\"https:\/\/www.synnefo-systems.com\/wp-content\/uploads\/2025\/11\/image-2.png\" alt=\"\" class=\"wp-image-1067\" style=\"width:391px;height:auto\" srcset=\"https:\/\/www.synnefo-systems.com\/wp-content\/uploads\/2025\/11\/image-2.png 508w, https:\/\/www.synnefo-systems.com\/wp-content\/uploads\/2025\/11\/image-2-300x77.png 300w, https:\/\/www.synnefo-systems.com\/wp-content\/uploads\/2025\/11\/image-2-18x5.png 18w\" sizes=\"(max-width: 508px) 100vw, 508px\" \/><\/figure>\n<\/div><\/div>\n\n\n\n<div class=\"wp-block-gutenverse-column guten-element guten-column guten-Micq4T\"><div class=\"guten-column-wrapper\" data-id=\"Micq4T\">\n<figure class=\"wp-block-image size-full\"><img decoding=\"async\" width=\"440\" height=\"123\" src=\"https:\/\/www.synnefo-systems.com\/wp-content\/uploads\/2025\/11\/image-3.png\" alt=\"\" class=\"wp-image-1068\" srcset=\"https:\/\/www.synnefo-systems.com\/wp-content\/uploads\/2025\/11\/image-3.png 440w, https:\/\/www.synnefo-systems.com\/wp-content\/uploads\/2025\/11\/image-3-300x84.png 300w, https:\/\/www.synnefo-systems.com\/wp-content\/uploads\/2025\/11\/image-3-18x5.png 18w\" sizes=\"(max-width: 440px) 100vw, 440px\" \/><\/figure>\n<\/div><\/div>\n<\/div><\/section><\/div>\n\n\n<p>On June 2, 2025, the implementation of the project began <strong>\"Implementation of the quality management system and information security management system of the company Synnefo sustavi d.o.o.\"<\/strong> (PK.1.3.04.0118), co-financed under the Competitiveness and Cohesion Programme 2021-2027, through the Call for Project Proposals \"Support to Enterprises for Product Certification and Implementation of Management Systems\".<\/p>\n<p>The project duration is 18 months, i.e. until December 2, 2026.<\/p>\n<p>By implementing this project, Synnefo sustavi d.o.o. will ensure strong information security in all parts of its infrastructure and business processes by introducing ISO 27001 and ISO 9001 certificates.<\/p>\n<p><strong>\u00a0<\/strong><\/p>\n<p>The project activities are:<\/p>\n<ul>\n<li>Activity 1 \u2013 Management system certification:\n<ul>\n<li>1. Implementation of an Integrated Quality Management System (ISO 9001:2015) and an Information Security Management System (ISO 27001:2022)<\/li>\n<li>2. Certification according to ISO 9001:2015 and ISO\/IEC 27001:2022 standards<\/li>\n<\/ul>\n<\/li>\n<li>Activity 2 \u2013 Project management<\/li>\n<li>Activity 3 \u2013 Project management<\/li>\n<\/ul>\n<p>\u00a0<\/p>\n<p><strong>Total project value:<\/strong> <strong>29.465,80 \u20ac<\/strong><\/p>\n<p><strong>Total eligible costs: 23.074,55 \u20ac<\/strong><\/p>\n<p><strong>Grant amount: 17.305,91 \u20ac<\/strong><\/p>\n<p><strong>\u00a0<\/strong><\/p>\n<p>\u00a0<\/p>\n<p>You can find out more information at the link: <a href=\"https:\/\/eufondovi.gov.hr\/\">https:\/\/eufondovi.gov.hr\/<\/a><\/p>\n\n\n<p><\/p>","protected":false},"excerpt":{"rendered":"<p>Dana 02.06.2025. godine zapo\u010dela je provedba projekta \u201eImplementacija sustava upravljanja kvalitetom i sustava upravljanja informacijskom sigurno\u0161\u0107u poduze\u0107a Synnefo sustavi d.o.o.\u201c (PK.1.3.04.0118), sufinanciranog u sklopu Programa konkurentnosti i kohezija 2021.-2027., kroz Poziv na dostavu projektnih prijedloga \u201ePotpora poduze\u0107ima za certifikaciju proizvoda i uvo\u0111enje sustava upravljanja\u201c. Trajanje projekta je 18 mjeseci, odnosno do 02.12.2026. godine. Provedbom ovog [&hellip;]<\/p>\n","protected":false},"author":1,"featured_media":0,"parent":0,"menu_order":0,"comment_status":"closed","ping_status":"closed","template":"","meta":{"_eb_attr":"","footnotes":""},"class_list":["post-1064","page","type-page","status-publish","hentry"],"_links":{"self":[{"href":"https:\/\/www.synnefo-systems.com\/en\/wp-json\/wp\/v2\/pages\/1064","targetHints":{"allow":["GET"]}}],"collection":[{"href":"https:\/\/www.synnefo-systems.com\/en\/wp-json\/wp\/v2\/pages"}],"about":[{"href":"https:\/\/www.synnefo-systems.com\/en\/wp-json\/wp\/v2\/types\/page"}],"author":[{"embeddable":true,"href":"https:\/\/www.synnefo-systems.com\/en\/wp-json\/wp\/v2\/users\/1"}],"replies":[{"embeddable":true,"href":"https:\/\/www.synnefo-systems.com\/en\/wp-json\/wp\/v2\/comments?post=1064"}],"version-history":[{"count":2,"href":"https:\/\/www.synnefo-systems.com\/en\/wp-json\/wp\/v2\/pages\/1064\/revisions"}],"predecessor-version":[{"id":1070,"href":"https:\/\/www.synnefo-systems.com\/en\/wp-json\/wp\/v2\/pages\/1064\/revisions\/1070"}],"wp:attachment":[{"href":"https:\/\/www.synnefo-systems.com\/en\/wp-json\/wp\/v2\/media?parent=1064"}],"curies":[{"name":"wp","href":"https:\/\/api.w.org\/{rel}","templated":true}]}}