{"id":33,"date":"2023-02-15T10:41:18","date_gmt":"2023-02-15T09:41:18","guid":{"rendered":"https:\/\/www.synnefo-systems.com\/?page_id=33"},"modified":"2023-04-05T13:09:28","modified_gmt":"2023-04-05T11:09:28","slug":"mobileiron","status":"publish","type":"page","link":"https:\/\/www.synnefo-systems.com\/en\/mobileiron\/","title":{"rendered":"Mobileiron"},"content":{"rendered":"<div class=\"text-content-inner\">\n<p class=\"has-small-font-size\">MobileIron UEM temelj je za sigurnosnu platformu usmjerenu na mobilne ure\u0111aje. Pomo\u0107u usluge MobileIron organizacije mogu brzo i jednostavno ugraditi ure\u0111aje i pru\u017eiti im be\u017ei\u010dnu vezu sa svim aplikacijama, postavkama i sigurnosnim konfiguracijama potrebnim za za\u0161titu bilo koje krajnje to\u010dke iOS-a, MacOS-a, Android-a i Windows-a 10 na va\u0161em digitalnom radnom mjestu. MobileIron osigurava da samo ovla\u0161teni korisnici, ure\u0111aji, aplikacije i usluge mogu pristupiti poslovnim resursima.<\/p>\n\n<p class=\"has-small-font-size\">Mobile Device Management (MDM) tools enable the resolution of device management and information system security issues by introducing a central administrative console that encompasses all devices used in the business.<\/p>\n<\/div>","protected":false},"excerpt":{"rendered":"","protected":false},"author":1,"featured_media":0,"parent":0,"menu_order":15,"comment_status":"closed","ping_status":"closed","template":"","meta":{"_eb_attr":"","footnotes":""},"class_list":["post-33","page","type-page","status-publish","hentry"],"_links":{"self":[{"href":"https:\/\/www.synnefo-systems.com\/en\/wp-json\/wp\/v2\/pages\/33","targetHints":{"allow":["GET"]}}],"collection":[{"href":"https:\/\/www.synnefo-systems.com\/en\/wp-json\/wp\/v2\/pages"}],"about":[{"href":"https:\/\/www.synnefo-systems.com\/en\/wp-json\/wp\/v2\/types\/page"}],"author":[{"embeddable":true,"href":"https:\/\/www.synnefo-systems.com\/en\/wp-json\/wp\/v2\/users\/1"}],"replies":[{"embeddable":true,"href":"https:\/\/www.synnefo-systems.com\/en\/wp-json\/wp\/v2\/comments?post=33"}],"version-history":[{"count":6,"href":"https:\/\/www.synnefo-systems.com\/en\/wp-json\/wp\/v2\/pages\/33\/revisions"}],"predecessor-version":[{"id":434,"href":"https:\/\/www.synnefo-systems.com\/en\/wp-json\/wp\/v2\/pages\/33\/revisions\/434"}],"wp:attachment":[{"href":"https:\/\/www.synnefo-systems.com\/en\/wp-json\/wp\/v2\/media?parent=33"}],"curies":[{"name":"wp","href":"https:\/\/api.w.org\/{rel}","templated":true}]}}