{"id":568,"date":"2023-03-02T12:07:47","date_gmt":"2023-03-02T11:07:47","guid":{"rendered":"https:\/\/www.synnefo-systems.com\/?page_id=568"},"modified":"2023-04-14T10:51:05","modified_gmt":"2023-04-14T08:51:05","slug":"acunetix","status":"publish","type":"page","link":"https:\/\/www.synnefo-systems.com\/en\/acunetix\/","title":{"rendered":"Acunetix"},"content":{"rendered":"<p class=\"has-extra-large-font-size\"><strong>Acunetix<\/strong><\/p>\n\n\n\n\n<div class=\"text-content-inner\">\n<p class=\"has-small-font-size\"><strong>Za\u0161to trebate osigurati svoje web aplikacije?<\/strong><\/p>\n\n<p class=\"has-small-font-size\">Sigurnost web stranica danas je najzapa\u017eeniji aspekt osiguranja poduze\u0107a i trebala bi biti prioritet u bilo kojoj organizaciji. Hakeri sve vi\u0161e koncentriraju svoje napade na web-aplikacijama s osjetljivim podacima korisnika. Nesigurne web aplikacije dostupne 24 sata dnevno, 7 dana u tjednu, omogu\u0107uju jednostavan pristup pozadinskim korporativnim bazama podataka, time su konstantno dostupne hakerima za obavljanje ilegalnih aktivnosti. Web mjesto mo\u017ee se koristiti za pokretanje kriminalnih radnji, poput napada web lokacija u cilju kra\u0111e identiteta ili za prijenos nedopu\u0161tenog sadr\u017eaja, dok se zloupotrebljava propusnost web mjesta i \u010dine\u0107i njegovog vlasnika odgovornim za nezakonite radnje.<\/p>\n\n<p class=\"has-small-font-size\">Hakeri ve\u0107 imaju \u0161irok repertoar napada koje redovito vr\u0161e nad organizacijama, uklju\u010duju\u0107i napad na SQL, napad skriptama na web lokacije, Directory Traversal Attacks, manipulaciju parametrima (npr. URL, Cookie, HTTP zaglavlja, web obrasci), napade na autentifikaciju, Directory Enumeration i druge.<\/p>\n\n<p class=\"has-small-font-size\">Zajednica hakiranja tako\u0111er je vrlo usko povezana s novootkrivenim upadima na web aplikacije. Poznati su kao Zero Day exploits i objavljeni su na brojnim forumima i web mjestima koja su poznata samo \u010dlanovima grupe. Objave se svakodnevno a\u017euriraju i koriste se za \u0161irenje i olak\u0161avanje daljnjeg hakiranja.<\/p>\n\n<p class=\"has-small-font-size\">Web aplikacije dizajnirane su kako bi posjetiteljima web mjesta omogu\u0107ile preuzimanje i predavanje sadr\u017eaja, uklju\u010duju\u0107i razli\u010dite osobne i osjetljive podatake. Ako te web aplikacije nisu sigurne, tada je cijela va\u0161a baza osjetljivih podataka u ozbiljnom riziku. Studija Gartner Group otkriva da se 75% cyber-napada vr\u0161i na razini web aplikacija.<\/p>\n<\/div>\n\n\n\n\n\n\n\n<div class=\"text-content-inner\"><div class=\"text-content-inner\"><div class=\"text-content-inner\">\n<p class=\"has-small-font-size\"><strong>Za\u0161to su web aplikacije ranjve?<\/strong><\/p>\n\n<ul class=\"has-small-font-size wp-block-list\">\n<li>Web stranice i web aplikacije lako su dostupne putem interneta 24 sata dnevno, 7 dana u tjednu korisnicima, zaposlenicima, dobavlja\u010dima, a time i hakerima.<\/li>\n\n\n\n<li>Vatrozidi i SSL ne pru\u017eaju za\u0161titu od hakiranja web aplikacija zato \u0161to pristup web stranici mora biti javan.<\/li>\n\n\n\n<li>Web aplikacije \u010desto imaju izravan pristup pozadinskim podacima poput korisni\u010dkih baza podataka.<\/li>\n\n\n\n<li>Ve\u0107ina web aplikacija izra\u0111ena je po mjeri i stoga uklju\u010duje manji stupanj testiranja. Time su prilago\u0111ene aplikacije osjetljivije na napade.<\/li>\n\n\n\n<li>Razni napadi hakiranja dokazali su da je sigurnost web aplikacija i dalje najva\u017enija. Ako su va\u0161e web aplikacije ugro\u017eene, hakeri \u0107e imati potpun pristup va\u0161im pozadinskim podacima iako je va\u0161 vatrozid ispravno konfiguriran i imate a\u017euran operativni sustav i aplikacije.<\/li>\n\n\n\n<li>Obrana mre\u017ene sigurnosti ne pru\u017ea za\u0161titu od napada web aplikacija jer su oni pokrenuti na portu 80 koja mora ostati otvorena kako bi se omogu\u0107ilo redovito poslovanje tvrtke. Upravo zbog toga je neophodno redovito i dosljedno testirati svoje web aplikacije zbog ranjivosti koje se mogu iskoristiti.<\/li>\n<\/ul>\n<\/div><\/div><\/div>\n\n<div class=\"text-content-inner\">\n<p class=\"has-normal-font-size\"><strong>Potreba za automatiziranim sigurnosnim skeniranjem web aplikacija<\/strong><\/p>\n<\/div>\n\n<div class=\"text-content-inner\">\n<p class=\"has-small-font-size\">Revizija ranjivosti svih va\u0161ih web aplikacija slo\u017eena je i dugotrajna jer uglavnom uklju\u010duje obradu velike koli\u010dine podataka. Tako\u0111er zahtijeva visoku razinu stru\u010dnosti i sposobnost pra\u0107enja zna\u010dajnih koli\u010dina kodova koji se koriste u web aplikaciji. Uz to, hakeri neprestano pronalaze nove na\u010dine za iskori\u0161tavanje va\u0161e web aplikacije, \u0161to zna\u010di da biste morali neprestano nadzirati sigurnosne zajednice i prona\u0107i nove ranjivosti u kodu web aplikacije prije nego \u0161to ih hakeri otkriju.<\/p>\n<\/div>\n\n\n\n<div class=\"text-content-inner\">\n<p class=\"has-small-font-size\">Automatsko skeniranje ranjivosti omogu\u0107uje vam da se usredoto\u010dite na ve\u0107 izazovni zadatak izrade web aplikacije. Automatski skener web aplikacija uvijek je u potrazi za novim mogu\u0107im napadima koje hakeri mogu koristiti za pristup va\u0161oj web aplikaciji ili podacima koji stoje iza nje.<\/p>\n\n<p class=\"has-small-font-size\">U roku od nekoliko minuta, automatizirani skener web aplikacija mo\u017ee skenirati va\u0161u web aplikaciju, prepoznati sve datoteke dostupne s Interneta i simulirati hakerske aktivnosti kako bi prepoznao ranjive komponente.<\/p>\n\n<p class=\"has-small-font-size\">Uz to, automatizirani skener ranjivosti mo\u017ee se koristiti za procjenu koda koji \u010dini web aplikaciju, omogu\u0107avaju\u0107i mu identificiranje potencijalnih ranjivosti koje mo\u017eda nisu o\u010dite s Interneta, ali i dalje postoje u web aplikaciji i mogu biti iskori\u0161tavane.<\/p>\n<\/div>\n\n<div class=\"text-content-inner\">\n<p class=\"has-black-color has-text-color has-link-color has-small-font-size wp-elements-a96d7fa96d4ac54a18ae024a2fa51d83\"><a href=\"https:\/\/www.acunetix.com\/\" data-type=\"URL\" data-id=\"https:\/\/www.acunetix.com\/\">Vi\u0161e informacija<\/a><\/p>\n<\/div>","protected":false},"excerpt":{"rendered":"<p>Acunetix<\/p>","protected":false},"author":1,"featured_media":0,"parent":0,"menu_order":23,"comment_status":"closed","ping_status":"closed","template":"","meta":{"_eb_attr":"","footnotes":""},"class_list":["post-568","page","type-page","status-publish","hentry"],"_links":{"self":[{"href":"https:\/\/www.synnefo-systems.com\/en\/wp-json\/wp\/v2\/pages\/568","targetHints":{"allow":["GET"]}}],"collection":[{"href":"https:\/\/www.synnefo-systems.com\/en\/wp-json\/wp\/v2\/pages"}],"about":[{"href":"https:\/\/www.synnefo-systems.com\/en\/wp-json\/wp\/v2\/types\/page"}],"author":[{"embeddable":true,"href":"https:\/\/www.synnefo-systems.com\/en\/wp-json\/wp\/v2\/users\/1"}],"replies":[{"embeddable":true,"href":"https:\/\/www.synnefo-systems.com\/en\/wp-json\/wp\/v2\/comments?post=568"}],"version-history":[{"count":9,"href":"https:\/\/www.synnefo-systems.com\/en\/wp-json\/wp\/v2\/pages\/568\/revisions"}],"predecessor-version":[{"id":815,"href":"https:\/\/www.synnefo-systems.com\/en\/wp-json\/wp\/v2\/pages\/568\/revisions\/815"}],"wp:attachment":[{"href":"https:\/\/www.synnefo-systems.com\/en\/wp-json\/wp\/v2\/media?parent=568"}],"curies":[{"name":"wp","href":"https:\/\/api.w.org\/{rel}","templated":true}]}}