{"id":580,"date":"2023-03-02T12:32:19","date_gmt":"2023-03-02T11:32:19","guid":{"rendered":"https:\/\/www.synnefo-systems.com\/?page_id=580"},"modified":"2023-04-14T10:35:59","modified_gmt":"2023-04-14T08:35:59","slug":"unitrends-2","status":"publish","type":"page","link":"https:\/\/www.synnefo-systems.com\/en\/unitrends-2\/","title":{"rendered":"Unitrends"},"content":{"rendered":"<p class=\"has-extra-large-font-size\"><strong>Unitrends<\/strong><\/p>\n\n\n\n<p class=\"has-small-font-size\">Unitrends nudi \u0161irok spektar hardverskih i softverskih ure\u0111aja za izradu sigurnosnih kopija i obnavljanje poslovnih podataka i aplikacija. Kako bi se zadovoljili slo\u017eeni zahtjevi modernih podatkovnih centara, Unitrends rje\u0161enja pru\u017eaju cjelovitu za\u0161titu i trenutni oporavak podataka iz svih fizi\u010dkih i virtualnih sustava. Osim sigurnosne kopije i oporavka, Unitrends se bavi i temama kontinuiteta poslovanja i oblaka.<\/p>\n\n\n\n<div class=\"guten-element guten-spacer guten-iMtdB2\"><\/div>\n\n\n\n<div class=\"wp-block-gutenverse-image guten-element guten-image guten-dt3l05\"><a class=\"guten-image-wrapper\"><img decoding=\"async\" class=\"gutenverse-image-box-filled\" src=\"https:\/\/www.synnefo-systems.com\/wp-content\/uploads\/2023\/03\/unitrends_dashboard_800px-768x462-1.png\" height=\"389\" width=\"660\"\/><\/a><\/div>\n\n\n\n<div class=\"guten-element guten-spacer guten-ufykzz\"><\/div>\n\n\n\n<div class=\"guten-element gutenverse-text-editor guten-23dXqj\"><div class=\"text-content-inner\">\n<h2 class=\"wp-block-heading has-large-font-size\">Softverski ure\u0111aji<\/h2>\n\n\n\n<p class=\"has-small-font-size\">Izlaskom Unitrends Backup 9.0, proizvo\u0111a\u010d svakodnevno izra\u0111uje sigurnosne kopije. Nagla\u0161en je radikalno pojednostavljeni korisni\u010dki koncept u kombinaciji s potpuno revidiranim korisni\u010dkim su\u010deljem. Unitrends Backup dostupan je u pet verzija po mjeri:<\/p>\n\n\n\n<ul class=\"has-small-font-size wp-block-list\">\n<li>Unitrends Free allows free backups on vSphere and Hyper-V up to 1TB, intended for customers with limited data stock.<\/li>\n\n\n\n<li>UEB Essentials dostupan je za najvi\u0161e 10 resursa (sockets ili servera) i pru\u017ea osnovne mogu\u0107nosti sigurnosnog kopiranja i vra\u0107anja na razini hipervizora i datoteka.<\/li>\n\n\n\n<li>UEB Standard nema ograni\u010denje u broju resursa, a tako\u0111er pru\u017ea sigurnosnu kopiju na razini hipervizora i datoteka.<\/li>\n\n\n\n<li>UEB Enterprise, in addition to the standard edition, adds protection for business applications such as Exchange, Sharepoint, Oracle databases, etc.<\/li>\n\n\n\n<li>UEB Enterprise Plus uklju\u010duje, osim verzije Enterprise i ReliableDR koji automatski provjerava sigurnosne kopije za slobodno definirane to\u010dke i vremena oporavka te na taj na\u010din osigurava mogu\u0107nost oporavka sustava u svakom trenutku.<\/li>\n<\/ul>\n\n\n\n<h2 class=\"wp-block-heading has-large-font-size\">Ure\u0111aj za hardver<\/h2>\n\n\n\n<p class=\"has-small-font-size\">Hardverski ure\u0111aji tvrtke Unitrends nude najprikladnije pakete hardvera i softvera u veli\u010dinama od 2 do 182TB. Sigurnosne kopije i oporavak brzo se dovr\u0161avaju pomo\u0107u SSD diskova. Funkcija Recovery Assurance pru\u017ea trenutni oporavak sustava i aplikacija za manje od 5 minuta. Unitrends tako\u0111er razmi\u0161lja o budu\u0107nosti: Uz opciju \u201cHardware Forever Pledge\u201d kupci dobivaju sljede\u0107u generaciju odre\u0111enog ure\u0111aja besplatno u redovitim intervalima pri odabiru 3 i 5-godi\u0161njih mogu\u0107nosti podr\u0161ke.<\/p>\n<\/div><\/div>\n\n\n\n<div class=\"guten-element guten-spacer guten-P6lNTb\"><\/div>\n\n\n\n<div class=\"wp-block-gutenverse-image guten-element guten-image guten-ARMJ0j\"><a class=\"guten-image-wrapper\"><img decoding=\"async\" class=\"gutenverse-image-box-filled\" src=\"https:\/\/www.synnefo-systems.com\/wp-content\/uploads\/2023\/03\/Unitrends-Backup-Appliance.png\" height=\"440\" width=\"1000\"\/><\/a><\/div>\n\n\n\n<div class=\"guten-element gutenverse-text-editor guten-gHgO3p\"><div class=\"text-content-inner\">\n<h2 class=\"wp-block-heading has-large-font-size\"><strong>Integrated or Standalone: Recovery Assurance through Automated DR Testing<\/strong><\/h2>\n\n\n\n<p class=\"has-small-font-size\">Najbr\u017ea izrada sigurnosnih kopija ne\u0107e vam koristiti ako je baza podataka o\u0161te\u0107ena i vi\u0161e se ne mo\u017ee stvoriti. Me\u0111utim, ru\u010dno testiranje DR povezano je s velikim brojem osoblja i financijskih izdataka te je stoga vi\u0161e nego nelagodan zadatak. Rje\u0161enjem Unitrends ReliableDR snimke se u\u010ditavaju na mjesto replikacije i testiraju se na otpornost u sandbox-u. Na taj na\u010din stvaraju se takozvane \u201ccertificirane to\u010dke oporavka\u201d koje se mogu koristiti kasnije. Za razliku od drugih rje\u0161enja, RDR nije samo jednostavan test mo\u017ee li se VM ponovno pokrenuti, ve\u0107 korisnici sami mogu postaviti parametre pod kojima \u0107e se testirati. Testirani su i Recovery Time Objectives (ciljevi vremena oporavka) i Recovery Point Objective (ciljevi to\u010dke oporavka), koji su definirani prema zahtjevima. Jednom postavljen, RDR mo\u017ee raditi onoliko \u010desto koliko korisnik \u017eeli \u2013 bez ikakvih daljnjih napora i uz izvje\u0161\u0107a.<\/p>\n<\/div><\/div>\n\n\n\n<p class=\"has-link-color has-small-font-size wp-elements-c405b96a6e66c4513ea579a2e154b188\"><a href=\"https:\/\/www.unitrends.com\/\" data-type=\"URL\" data-id=\"https:\/\/www.unitrends.com\/\">Vi\u0161e informacija<\/a><\/p>","protected":false},"excerpt":{"rendered":"<p>Unitrends Unitrends nudi \u0161irok spektar hardverskih i softverskih ure\u0111aja za izradu sigurnosnih kopija i obnavljanje poslovnih podataka i aplikacija. Kako bi se zadovoljili slo\u017eeni zahtjevi modernih podatkovnih centara, Unitrends rje\u0161enja pru\u017eaju cjelovitu za\u0161titu i trenutni oporavak podataka iz svih fizi\u010dkih i virtualnih sustava. Osim sigurnosne kopije i oporavka, Unitrends se bavi i temama kontinuiteta poslovanja [&hellip;]<\/p>\n","protected":false},"author":1,"featured_media":0,"parent":0,"menu_order":24,"comment_status":"closed","ping_status":"closed","template":"","meta":{"_eb_attr":"","footnotes":""},"class_list":["post-580","page","type-page","status-publish","hentry"],"_links":{"self":[{"href":"https:\/\/www.synnefo-systems.com\/en\/wp-json\/wp\/v2\/pages\/580","targetHints":{"allow":["GET"]}}],"collection":[{"href":"https:\/\/www.synnefo-systems.com\/en\/wp-json\/wp\/v2\/pages"}],"about":[{"href":"https:\/\/www.synnefo-systems.com\/en\/wp-json\/wp\/v2\/types\/page"}],"author":[{"embeddable":true,"href":"https:\/\/www.synnefo-systems.com\/en\/wp-json\/wp\/v2\/users\/1"}],"replies":[{"embeddable":true,"href":"https:\/\/www.synnefo-systems.com\/en\/wp-json\/wp\/v2\/comments?post=580"}],"version-history":[{"count":5,"href":"https:\/\/www.synnefo-systems.com\/en\/wp-json\/wp\/v2\/pages\/580\/revisions"}],"predecessor-version":[{"id":799,"href":"https:\/\/www.synnefo-systems.com\/en\/wp-json\/wp\/v2\/pages\/580\/revisions\/799"}],"wp:attachment":[{"href":"https:\/\/www.synnefo-systems.com\/en\/wp-json\/wp\/v2\/media?parent=580"}],"curies":[{"name":"wp","href":"https:\/\/api.w.org\/{rel}","templated":true}]}}