{"id":594,"date":"2023-03-02T13:26:33","date_gmt":"2023-03-02T12:26:33","guid":{"rendered":"https:\/\/www.synnefo-systems.com\/?page_id=594"},"modified":"2023-04-14T10:41:13","modified_gmt":"2023-04-14T08:41:13","slug":"proxmox","status":"publish","type":"page","link":"https:\/\/www.synnefo-systems.com\/en\/proxmox\/","title":{"rendered":"Proxmox"},"content":{"rendered":"<p class=\"has-extra-large-font-size\"><strong>Proxmox<\/strong><\/p>\n\n\n\n<p class=\"has-small-font-size\">Proxmox Virtual Environment is an open-source server virtualization management solution based on QEMU\/KVM and LXC. It allows you to manage virtual machines, containers, high-availability clusters, storage, and networks through an easy-to-use integrated web interface or via the command-line interface (CLI).<\/p>\n\n\n\n<div class=\"guten-element guten-spacer guten-9oAJ1U\"><\/div>\n\n\n\n<div class=\"wp-block-gutenverse-image guten-element guten-image guten-MaAWSG\"><a class=\"guten-image-wrapper\"><img decoding=\"async\" class=\"gutenverse-image-box-filled\" src=\"https:\/\/www.synnefo-systems.com\/wp-content\/uploads\/2023\/03\/Proxmox-VE-7-3-Cluster-Summary.png\" height=\"1080\" width=\"1920\"\/><\/a><\/div>\n\n\n\n<div class=\"guten-element gutenverse-text-editor guten-hPEXNA\"><div class=\"text-content-inner\"><\/div><\/div>\n\n\n\n<div class=\"guten-element guten-spacer guten-zUEZQE\"><\/div>\n\n\n\n<div class=\"guten-element gutenverse-text-editor guten-VohuLj\"><div class=\"text-content-inner\">\n<p class=\"has-small-font-size\">Proxmox Virtual Environment (VM) je platforma za upravljanje poslu\u017eiteljem otvorenog koda za virtualizaciju poduze\u0107a. Integrira KVM hipervizor i Linux kontejnere (LXC), softverski definiranu pohranu i mre\u017enu funkcionalnost, na jednoj platformi. S integriranim web-baziranim korisni\u010dkim su\u010deljem mo\u017eete s lako\u0107om upravljati VM-ovima i spremnicima, visokom dostupno\u0161\u0107u za klastere ili integriranim alatima za oporavak od katastrofe. <\/p>\n<\/div><\/div>","protected":false},"excerpt":{"rendered":"<p>Proxmox Proxmox Virtual Environment je rje\u0161enje za upravljanje virtualizacijom poslu\u017eitelja otvorenog koda temeljeno na QEMU\/KVM i LXC. Mo\u017eete upravljati virtualnim strojevima, spremnicima, visoko dostupnim klasterima, pohranom i mre\u017eama s integriranim web su\u010deljem jednostavnim za kori\u0161tenje ili putem CLI-a.<\/p>","protected":false},"author":1,"featured_media":0,"parent":0,"menu_order":28,"comment_status":"closed","ping_status":"closed","template":"","meta":{"_eb_attr":"","footnotes":""},"class_list":["post-594","page","type-page","status-publish","hentry"],"_links":{"self":[{"href":"https:\/\/www.synnefo-systems.com\/en\/wp-json\/wp\/v2\/pages\/594","targetHints":{"allow":["GET"]}}],"collection":[{"href":"https:\/\/www.synnefo-systems.com\/en\/wp-json\/wp\/v2\/pages"}],"about":[{"href":"https:\/\/www.synnefo-systems.com\/en\/wp-json\/wp\/v2\/types\/page"}],"author":[{"embeddable":true,"href":"https:\/\/www.synnefo-systems.com\/en\/wp-json\/wp\/v2\/users\/1"}],"replies":[{"embeddable":true,"href":"https:\/\/www.synnefo-systems.com\/en\/wp-json\/wp\/v2\/comments?post=594"}],"version-history":[{"count":3,"href":"https:\/\/www.synnefo-systems.com\/en\/wp-json\/wp\/v2\/pages\/594\/revisions"}],"predecessor-version":[{"id":802,"href":"https:\/\/www.synnefo-systems.com\/en\/wp-json\/wp\/v2\/pages\/594\/revisions\/802"}],"wp:attachment":[{"href":"https:\/\/www.synnefo-systems.com\/en\/wp-json\/wp\/v2\/media?parent=594"}],"curies":[{"name":"wp","href":"https:\/\/api.w.org\/{rel}","templated":true}]}}