{"id":599,"date":"2023-03-02T13:33:29","date_gmt":"2023-03-02T12:33:29","guid":{"rendered":"https:\/\/www.synnefo-systems.com\/?page_id=599"},"modified":"2023-04-14T10:42:19","modified_gmt":"2023-04-14T08:42:19","slug":"manageengine","status":"publish","type":"page","link":"https:\/\/www.synnefo-systems.com\/en\/manageengine\/","title":{"rendered":"ManageEngine"},"content":{"rendered":"<p class=\"has-extra-large-font-size\"><strong>ManageEngine<\/strong><\/p>\n\n\n\n<p class=\"has-small-font-size\">ManageEngine is an innovative provider of Enterprise IT software for management, offering companies around the world top functionality for network and device management at cost-effective prices. With over 40,000 customers worldwide, ManageEngine is the fastest-growing alternative to traditional network management frameworks.<\/p>\n\n\n\n<div class=\"guten-element guten-spacer guten-fnW28U\"><\/div>\n\n\n\n<div class=\"wp-block-gutenverse-image guten-element guten-image guten-B7on4m\"><a class=\"guten-image-wrapper\"><img decoding=\"async\" class=\"gutenverse-image-box-filled\" src=\"https:\/\/www.synnefo-systems.com\/wp-content\/uploads\/2023\/03\/manageengine_opmanager.png\" height=\"456\" width=\"852\"\/><\/a><\/div>\n\n\n\n<div class=\"guten-element guten-spacer guten-H1KJCq\"><\/div>\n\n\n\n<div class=\"guten-element gutenverse-text-editor guten-cFHsxw\"><div class=\"text-content-inner\">\n<p class=\"has-small-font-size\">ManageEngine OpManager, stvarnovremeni mre\u017eni monitoring sustav koji nudi opciju nadziranja mre\u017ee putem mobinih aplikacija za Android, iPhone i iPad. <\/p>\n\n\n\n<p class=\"has-small-font-size\">S ManageEngine OpManagerom omogu\u0107ena je kontrola mre\u017ee pomo\u0107u: Alarma koji pokre\u0107e OpManager s kategorizacijom temeljenom na ozbiljnosti promatranog okru\u017eenja, performansama ure\u0111aja, listom svih spojenih ure\u0111aja, zdravljem cjelog IT okru\u017eenja, zdravljem ure\u0111aja na poslovnoj mapi.<\/p>\n<\/div><\/div>","protected":false},"excerpt":{"rendered":"<p>ManageEngine ManageEngine je inovativni proizvo\u0111a\u010d Enterprise IT softvera za upravljanje, koji tvrtkama diljem svijeta nudi vrhunsku funkcionalnost za upravljanje mre\u017eom i ure\u0111ajima po isplativim cijenama. S vi\u0161e od 40.000 kupaca diljem svijeta, ManageEngine je najbr\u017ee rastu\u0107a alternativa tradicionalnim okvirima za upravljanje mre\u017eom.<\/p>","protected":false},"author":1,"featured_media":0,"parent":0,"menu_order":29,"comment_status":"closed","ping_status":"closed","template":"","meta":{"_eb_attr":"","footnotes":""},"class_list":["post-599","page","type-page","status-publish","hentry"],"_links":{"self":[{"href":"https:\/\/www.synnefo-systems.com\/en\/wp-json\/wp\/v2\/pages\/599","targetHints":{"allow":["GET"]}}],"collection":[{"href":"https:\/\/www.synnefo-systems.com\/en\/wp-json\/wp\/v2\/pages"}],"about":[{"href":"https:\/\/www.synnefo-systems.com\/en\/wp-json\/wp\/v2\/types\/page"}],"author":[{"embeddable":true,"href":"https:\/\/www.synnefo-systems.com\/en\/wp-json\/wp\/v2\/users\/1"}],"replies":[{"embeddable":true,"href":"https:\/\/www.synnefo-systems.com\/en\/wp-json\/wp\/v2\/comments?post=599"}],"version-history":[{"count":6,"href":"https:\/\/www.synnefo-systems.com\/en\/wp-json\/wp\/v2\/pages\/599\/revisions"}],"predecessor-version":[{"id":804,"href":"https:\/\/www.synnefo-systems.com\/en\/wp-json\/wp\/v2\/pages\/599\/revisions\/804"}],"wp:attachment":[{"href":"https:\/\/www.synnefo-systems.com\/en\/wp-json\/wp\/v2\/media?parent=599"}],"curies":[{"name":"wp","href":"https:\/\/api.w.org\/{rel}","templated":true}]}}