{"id":715,"date":"2023-04-12T13:06:22","date_gmt":"2023-04-12T11:06:22","guid":{"rendered":"https:\/\/www.synnefo-systems.com\/?page_id=715"},"modified":"2023-04-12T15:19:07","modified_gmt":"2023-04-12T13:19:07","slug":"tenable","status":"publish","type":"page","link":"https:\/\/www.synnefo-systems.com\/en\/tenable\/","title":{"rendered":"Tenable"},"content":{"rendered":"<div class=\"guten-element gutenverse-text-editor guten-3PpanD\"><div class=\"text-content-inner\">\n<p class=\"has-extra-large-font-size\" style=\"font-style:normal;font-weight:700\">Tenable<\/p>\n<\/div><\/div>\n\n\n\n<div class=\"guten-element gutenverse-text-editor guten-Es7i1S\"><div class=\"text-content-inner\"><\/div><\/div>\n\n\n\n<div class=\"guten-element gutenverse-text-editor guten-YJzhgz\"><div class=\"text-content-inner\">\n<p class=\"has-small-font-size\">Broj prijetnji raste, uvijek se mijenja i povezanost je vi\u0161a nego ikad. Sa specijaliziranim sigurnosnim alatima koji nude nepotpunu sliku, mo\u017ee se \u010diniti nemogu\u0107im odgovoriti na pitanje &#8220;Koliko smo sigurni?&#8221;<\/p>\n\n\n\n<p class=\"has-small-font-size\">Tenableov pristup upravljanju izlo\u017eeno\u0161\u0107u kombinira vidljivost svih aspekata napada s poslovnim kontekstom kako biste mogli to\u010dno razumjeti cyber rizik svoje organizacije i odrediti prioritete. Isporu\u010duje bogatstvo portfelja proizvoda Tenable od upravljanja ranjivostima do sigurnosti u oblaku, sigurnosti identiteta do upravljanja vanjskim napadima i jo\u0161 mnogo toga u kontekstu koji vam poma\u017ee u dono\u0161enju boljih odluka na temelju cyber rizika.<\/p>\n<\/div><\/div>\n\n\n\n<div class=\"guten-element guten-spacer guten-ytH4AV\"><\/div>\n\n\n\n<div class=\"wp-block-gutenverse-image guten-element guten-image guten-gogLyB\"><a class=\"guten-image-wrapper\"><img decoding=\"async\" class=\"gutenverse-image-box-filled\" src=\"https:\/\/www.synnefo-systems.com\/wp-content\/uploads\/2023\/04\/tenable-io-screen-mast_0.png\" height=\"693\" width=\"1224\"\/><\/a><\/div>\n\n\n\n<div class=\"guten-element gutenverse-text-editor guten-kLRprZ\"><div class=\"text-content-inner\"><\/div><\/div>\n\n\n\n<div class=\"guten-element gutenverse-text-editor guten-Xr3Pzv\"><div class=\"text-content-inner\">\n<p class=\"has-small-font-size\">Platforma kombinira naj\u0161iru pokrivenost ranjivosti koja obuhva\u0107a IT imovinu, resurse u oblaku, spremnike, web aplikacije i sustave identiteta, nadogra\u0111uje se na brzinu i \u0161irinu pokrivenosti ranjivosti iz Tenable Researcha i dodaje sveobuhvatnu analitiku za odre\u0111ivanje prioriteta akcija i komuniciranje cyber rizika.<\/p>\n<\/div><\/div>\n\n\n\n<div class=\"guten-element gutenverse-text-editor guten-J3KTJu\"><div class=\"text-content-inner\">\n<p class=\"has-small-font-size\">Tenable One omogu\u0107uje organizacijama da: <\/p>\n\n\n\n<ul class=\"wp-block-list\">\n<li class=\"has-small-font-size\">Steknu sveobuhvatnu vidljivost preko moderne napadne povr\u0161ine<\/li>\n\n\n\n<li class=\"has-small-font-size\">Se predvide prijetnje i odrede prioriteti za sprje\u010davanje napada<\/li>\n\n\n\n<li class=\"has-small-font-size\">Komuniciraju o kiberneti\u010dkom riziku za dono\u0161enje boljih odluka<\/li>\n<\/ul>\n\n\n\n<p class=\"has-link-color has-small-font-size wp-elements-130ec7df8a5b783cd5eb1812f1cf4305\"><a href=\"https:\/\/www.tenable.com\/\" data-type=\"URL\" data-id=\"https:\/\/www.tenable.com\/\">Pro\u010ditajte vi\u0161e<\/a><\/p>\n<\/div><\/div>","protected":false},"excerpt":{"rendered":"","protected":false},"author":1,"featured_media":0,"parent":0,"menu_order":6,"comment_status":"closed","ping_status":"closed","template":"","meta":{"_eb_attr":"","footnotes":""},"class_list":["post-715","page","type-page","status-publish","hentry"],"_links":{"self":[{"href":"https:\/\/www.synnefo-systems.com\/en\/wp-json\/wp\/v2\/pages\/715","targetHints":{"allow":["GET"]}}],"collection":[{"href":"https:\/\/www.synnefo-systems.com\/en\/wp-json\/wp\/v2\/pages"}],"about":[{"href":"https:\/\/www.synnefo-systems.com\/en\/wp-json\/wp\/v2\/types\/page"}],"author":[{"embeddable":true,"href":"https:\/\/www.synnefo-systems.com\/en\/wp-json\/wp\/v2\/users\/1"}],"replies":[{"embeddable":true,"href":"https:\/\/www.synnefo-systems.com\/en\/wp-json\/wp\/v2\/comments?post=715"}],"version-history":[{"count":9,"href":"https:\/\/www.synnefo-systems.com\/en\/wp-json\/wp\/v2\/pages\/715\/revisions"}],"predecessor-version":[{"id":774,"href":"https:\/\/www.synnefo-systems.com\/en\/wp-json\/wp\/v2\/pages\/715\/revisions\/774"}],"wp:attachment":[{"href":"https:\/\/www.synnefo-systems.com\/en\/wp-json\/wp\/v2\/media?parent=715"}],"curies":[{"name":"wp","href":"https:\/\/api.w.org\/{rel}","templated":true}]}}