{"id":725,"date":"2023-04-12T12:58:41","date_gmt":"2023-04-12T10:58:41","guid":{"rendered":"https:\/\/www.synnefo-systems.com\/?page_id=725"},"modified":"2023-04-14T10:25:33","modified_gmt":"2023-04-14T08:25:33","slug":"sophos","status":"publish","type":"page","link":"https:\/\/www.synnefo-systems.com\/en\/sophos\/","title":{"rendered":"Sophos"},"content":{"rendered":"<div class=\"guten-element gutenverse-text-editor guten-EjNrpW\"><div class=\"text-content-inner\">\n<p class=\"has-extra-large-font-size\"><strong>Sophos<\/strong><\/p>\n<\/div><\/div>\n\n\n\n<div class=\"wp-block-gutenverse-image guten-element guten-image guten-nU5nQ1 animated guten-element-hide desktop-fadeInUp\"><a class=\"guten-image-wrapper\"><img decoding=\"async\" class=\"gutenverse-image-box-filled\" src=\"https:\/\/www.synnefo-systems.com\/wp-content\/uploads\/2023\/04\/sophos-global-partner-program-authorized-1.png\" height=\"100\" width=\"215\"\/><\/a><\/div>\n\n\n\n<div class=\"guten-element guten-spacer guten-rz1I6C\"><\/div>\n\n\n\n<div class=\"guten-element gutenverse-text-editor guten-jtIgJF animated guten-element-hide desktop-fadeInUp\"><div class=\"text-content-inner\">\n<p class=\"has-small-font-size\">Sophos has been producing antivirus and encryption software for nearly 30 years. Today, Sophos products help secure networks used by 100 million people in 150 countries and 100,000 businesses, including Pixar, Under Armour, Northrop Grumman, Xerox, Ford, Avis, and Toshiba. As the complexity of IT networks grows, Sophos is focused on developing simple and reliable IT security solutions. A proper security strategy must include solutions for networks, servers, and devices - all easily manageable through the cloud.<\/p>\n\n\n\n<p><\/p>\n<\/div><\/div>\n\n\n\n<div class=\"wp-block-gutenverse-image guten-element guten-image guten-y65YJ2 animated guten-element-hide desktop-fadeInUp\"><a class=\"guten-image-wrapper\"><img decoding=\"async\" class=\"gutenverse-image-box-filled\" src=\"https:\/\/www.synnefo-systems.com\/wp-content\/uploads\/2023\/04\/sophos_dashboard-1.jpg\" height=\"662\" width=\"960\"\/><\/a><\/div>\n\n\n\n<div class=\"guten-element gutenverse-text-editor guten-mOOXnm animated guten-element-hide desktop-fadeInUp\"><div class=\"text-content-inner\">\n<p class=\"has-small-font-size\">Sophos je rje\u0161enje za kiberneti\u010dku sigurnost koje nudi rje\u0161enja za detekciju i odgovor, firewall, cloud i upravljane usluge za mre\u017enu sigurnost te objedinjeno upravljanje prijetnjama.<\/p>\n\n\n\n<p class=\"has-small-font-size\">Njegov softver pru\u017ea kriti\u010dnu prevenciju zlonamjernog softvera, phising web stranica za kra\u0111u identiteta i ransomwarea. Sophos Vas \u0161titi od zlonamjernog softvera, hakera i drugih opasnih vrsta napada.<\/p>\n<\/div><\/div>\n\n\n\n<div class=\"guten-element guten-accordions guten-hTVM4v animated guten-element-hide desktop-fadeInUp\">\n<div class=\"accordion-item active\"><div class=\"accordion-heading\"><div class=\"accordion-icon\"><span class=\"accordion-icon-open\"><i class=\"fas fa-minus\"><\/i><\/span><span class=\"accordion-icon-closed\"><i class=\"fas fa-plus\"><\/i><\/span><\/div><span class=\"accordion-text\">Samoupravljana sigurnosna operativna platforma<\/span><\/div><div class=\"accordion-body\"><div class=\"accordion-content\">\n<div class=\"guten-element gutenverse-text-editor guten-x485zY\"><div class=\"text-content-inner\">\n<p class=\"has-small-font-size\">Postignite vrhunske rezultate kiberneti\u010dke sigurnosti putem potpuno upravljane MDR usluge ili samoupravljane sigurnosne operativne platforme. Prestanite biti zatrpani upozorenjima i po\u010dnite pove\u0107avati svoje resurse kako biste se usredoto\u010dili na strate\u0161ke probleme za svoje poslovanje.<\/p>\n<\/div><\/div>\n<\/div><\/div><\/div>\n<\/div>\n\n\n\n<div class=\"guten-element guten-accordions guten-TwVfzf animated guten-element-hide desktop-fadeInUp\">\n<div class=\"accordion-item active\"><div class=\"accordion-heading\"><div class=\"accordion-icon\"><span class=\"accordion-icon-open\"><i class=\"fas fa-minus\"><\/i><\/span><span class=\"accordion-icon-closed\"><i class=\"fas fa-plus\"><\/i><\/span><\/div><span class=\"accordion-text\">Kompatibilnost<\/span><\/div><div class=\"accordion-body\"><div class=\"accordion-content\">\n<p class=\"has-small-font-size\">Zaprimite vi\u0161e vrijednosti od svojih postoje\u0107ih ulaganja uz sigurnost koja se integrira s va\u0161im IT paketom. Sophosov popis integracija tre\u0107ih strana koji se stalno \u0161iri uklju\u010duje SOAR, SIEM, ITSM, informacije o prijetnjama i RMM\/PSA alate s planovima za podr\u0161ku drugih.<\/p>\n<\/div><\/div><\/div>\n<\/div>\n\n\n\n<div class=\"guten-element guten-accordions guten-jWlZU4 animated guten-element-hide desktop-fadeInUp\">\n<div class=\"accordion-item active\"><div class=\"accordion-heading\"><div class=\"accordion-icon\"><span class=\"accordion-icon-open\"><i class=\"fas fa-minus\"><\/i><\/span><span class=\"accordion-icon-closed\"><i class=\"fas fa-plus\"><\/i><\/span><\/div><span class=\"accordion-text\">Neprestana detekcija prijetnji<\/span><\/div><div class=\"accordion-body\"><div class=\"accordion-content\">\n<p class=\"has-small-font-size\">Proaktivno tra\u017eenje prijetnji, istraga i odgovor na incidente putem Sophos usluga upravljane detekcije i odgovora (MDR). Isporu\u010duje elitni tim iskusnih ljudi za prijetnje kao podr\u0161ka organizacijama svih veli\u010dina.<\/p>\n<\/div><\/div><\/div>\n<\/div>\n\n\n\n<div class=\"guten-element guten-spacer guten-o1iu80\"><\/div>\n\n\n\n<div class=\"section-wrapper\" data-id=\"ARFu3X\"><section class=\"wp-block-gutenverse-section guten-element guten-section guten-ARFu3X animated guten-element-hide desktop-fadeInUp layout-boxed align-stretch\"><div class=\"guten-background-overlay\"><\/div><div class=\"guten-shape-divider guten-shape-divider-top\"><\/div><div class=\"guten-shape-divider guten-shape-divider-bottom\"><\/div><div class=\"guten-container guten-column-gap-default\">\n<div class=\"wp-block-gutenverse-column guten-element guten-column guten-ra8OaT\"><div class=\"guten-background-overlay\"><\/div><div class=\"sticky-wrapper\" data-id=\"ra8OaT\"><div class=\"guten-column-wrapper\">\n<div class=\"wp-block-gutenverse-image guten-element guten-image guten-sSF5IG\"><a class=\"guten-image-wrapper\"><img decoding=\"async\" class=\"gutenverse-image-box-filled\" src=\"https:\/\/www.synnefo-systems.com\/wp-content\/uploads\/2023\/04\/sopend.png\" height=\"271\" width=\"358\"\/><\/a><\/div>\n<\/div><\/div><\/div>\n\n\n\n<div class=\"wp-block-gutenverse-column guten-element guten-column guten-sYs63r\"><div class=\"guten-background-overlay\"><\/div><div class=\"sticky-wrapper\" data-id=\"sYs63r\"><div class=\"guten-column-wrapper\">\n<div class=\"guten-element gutenverse-text-editor guten-jaaYM1\"><div class=\"text-content-inner\">\n<blockquote class=\"wp-block-quote is-style-plain has-small-font-size is-layout-flow wp-block-quote-is-layout-flow\">\n<p class=\"has-text-align-center has-small-font-size\"><strong>Endpoint<\/strong><br><em>\u010cuvajte svoje podatke sigurnima gdje god se nalazili uz vrhunsku prevenciju, otkrivanje i odgovor koji zaustavlja vi\u0161e prijetnji, br\u017ee. Pro\u0161irite EDR izvan krajnje to\u010dke za neusporedivu za\u0161titu.<\/em><\/p>\n<\/blockquote>\n<\/div><\/div>\n<\/div><\/div><\/div>\n<\/div><\/section><\/div>\n\n\n\n<div class=\"guten-element guten-spacer guten-Vyom2j\"><\/div>\n\n\n\n<div class=\"guten-element gutenverse-text-editor guten-ZZPo0U animated guten-element-hide desktop-fadeInUp\"><div class=\"text-content-inner\">\n<p class=\"has-small-font-size\">Sophos mre\u017eni sigurnosni portfolio pru\u017ea sve \u0161to vam je potrebno za povezivanje moderne distribuirane mre\u017ee on edge i unutar va\u0161e jezgrene mre\u017ee. Svime se upravlja iz Sophos Central konzole i \u010dvrsto je integrirana i sinkronizirana kako bi vam pomoglo da trenutno identificirate i reagirate na prijetnje.<\/p>\n<\/div><\/div>\n\n\n\n<div class=\"guten-element guten-spacer guten-n82caR\"><\/div>\n\n\n\n<div class=\"wp-block-gutenverse-image guten-element guten-image guten-Q3CdpY\"><a class=\"guten-image-wrapper\"><img decoding=\"async\" class=\"gutenverse-image-box-filled\" src=\"https:\/\/www.synnefo-systems.com\/wp-content\/uploads\/2023\/04\/firewall-graphics.png.webp\" height=\"407\" width=\"1080\"\/><\/a><\/div>","protected":false},"excerpt":{"rendered":"","protected":false},"author":1,"featured_media":0,"parent":0,"menu_order":8,"comment_status":"closed","ping_status":"closed","template":"","meta":{"_eb_attr":"","footnotes":""},"class_list":["post-725","page","type-page","status-publish","hentry"],"_links":{"self":[{"href":"https:\/\/www.synnefo-systems.com\/en\/wp-json\/wp\/v2\/pages\/725","targetHints":{"allow":["GET"]}}],"collection":[{"href":"https:\/\/www.synnefo-systems.com\/en\/wp-json\/wp\/v2\/pages"}],"about":[{"href":"https:\/\/www.synnefo-systems.com\/en\/wp-json\/wp\/v2\/types\/page"}],"author":[{"embeddable":true,"href":"https:\/\/www.synnefo-systems.com\/en\/wp-json\/wp\/v2\/users\/1"}],"replies":[{"embeddable":true,"href":"https:\/\/www.synnefo-systems.com\/en\/wp-json\/wp\/v2\/comments?post=725"}],"version-history":[{"count":42,"href":"https:\/\/www.synnefo-systems.com\/en\/wp-json\/wp\/v2\/pages\/725\/revisions"}],"predecessor-version":[{"id":793,"href":"https:\/\/www.synnefo-systems.com\/en\/wp-json\/wp\/v2\/pages\/725\/revisions\/793"}],"wp:attachment":[{"href":"https:\/\/www.synnefo-systems.com\/en\/wp-json\/wp\/v2\/media?parent=725"}],"curies":[{"name":"wp","href":"https:\/\/api.w.org\/{rel}","templated":true}]}}